{"id":1420,"date":"2022-08-15T12:01:44","date_gmt":"2022-08-15T12:01:44","guid":{"rendered":"https:\/\/finca-olivar-gaucin.com\/?page_id=1420"},"modified":"2023-06-06T08:03:26","modified_gmt":"2023-06-06T08:03:26","slug":"workshops","status":"publish","type":"page","link":"https:\/\/finca-olivar-gaucin.com\/de\/workshops","title":{"rendered":"Workshops \/ Camps"},"content":{"rendered":"<div data-elementor-type=\"wp-page\" data-elementor-id=\"1420\" class=\"elementor elementor-1420\" data-elementor-post-type=\"page\">\n\t\t\t\t\t\t<section class=\"elementor-section elementor-top-section elementor-element elementor-element-be17ba7 elementor-section-boxed elementor-section-height-default elementor-section-height-default\" data-id=\"be17ba7\" data-element_type=\"section\" data-settings=\"{&quot;background_background&quot;:&quot;classic&quot;}\">\n\t\t\t\t\t\t\t<div class=\"elementor-background-overlay\"><\/div>\n\t\t\t\t\t\t\t<div class=\"elementor-container elementor-column-gap-default\">\n\t\t\t\t\t<div class=\"elementor-column elementor-col-100 elementor-top-column elementor-element elementor-element-4ee5b36\" data-id=\"4ee5b36\" data-element_type=\"column\">\n\t\t\t<div class=\"elementor-widget-wrap elementor-element-populated\">\n\t\t\t\t\t\t<div class=\"elementor-element elementor-element-b707b08 elementor-widget elementor-widget-heading\" data-id=\"b707b08\" data-element_type=\"widget\" data-widget_type=\"heading.default\">\n\t\t\t\t<div class=\"elementor-widget-container\">\n\t\t\t\t\t<h1 class=\"elementor-heading-title elementor-size-default\">Workshops<\/h1>\t\t\t\t<\/div>\n\t\t\t\t<\/div>\n\t\t\t\t<div class=\"elementor-element elementor-element-5915bb4 elementor-widget elementor-widget-text-editor\" data-id=\"5915bb4\" data-element_type=\"widget\" data-widget_type=\"text-editor.default\">\n\t\t\t\t<div class=\"elementor-widget-container\">\n\t\t\t\t\t\t\t\t\t<p>Zus\u00e4tzlich zu unseren Finca-Vermietungen bieten wir zu ausgew\u00e4hlten Terminen spezielle Workshops zu Astrofotografie, Vogelfotografie sowie Yoga an.<\/p>\t\t\t\t\t\t\t\t<\/div>\n\t\t\t\t<\/div>\n\t\t\t\t\t<\/div>\n\t\t<\/div>\n\t\t\t\t\t<\/div>\n\t\t<\/section>\n\t\t\t\t<section class=\"elementor-section elementor-top-section elementor-element elementor-element-c1574b2 elementor-section-boxed elementor-section-height-default elementor-section-height-default\" data-id=\"c1574b2\" data-element_type=\"section\">\n\t\t\t\t\t\t<div class=\"elementor-container elementor-column-gap-default\">\n\t\t\t\t\t<div class=\"elementor-column elementor-col-100 elementor-top-column elementor-element elementor-element-d11e103\" data-id=\"d11e103\" data-element_type=\"column\">\n\t\t\t<div class=\"elementor-widget-wrap elementor-element-populated\">\n\t\t\t\t\t\t<div class=\"elementor-element elementor-element-6bd7091 elementor-widget elementor-widget-text-editor\" data-id=\"6bd7091\" data-element_type=\"widget\" data-widget_type=\"text-editor.default\">\n\t\t\t\t<div class=\"elementor-widget-container\">\n\t\t\t\t\t\t\t\t\t<h3 class=\"elementor-heading-title elementor-size-default elementor-inline-editing pen\" style=\"font-style: normal; margin-bottom: 0px;\" data-elementor-setting-key=\"title\" data-pen-placeholder=\"Type Here...\"><span class=\"elementor-image-box-title elementor-inline-editing pen\" style=\"border: 0px; font-size: 1.75rem; margin: 0px 0px 20px; padding: 0px; vertical-align: baseline; clear: both; color: var(--ast-global-color-2); line-height: 1.1;\" data-elementor-setting-key=\"title_text\" data-elementor-inline-editing-toolbar=\"none\" data-pen-placeholder=\"Type Here...\">Tauchen Sie mit unseren Workshops und Camps in die einzigartige Umgebung Andalusiens ein<\/span><\/h3><p>Finca Olivar ist nicht nur ein toller Platz f\u00fcr den Urlaub mit der Familie oder Freunden. Die Lage, die Umgebung, das Wetter sowie die vielf\u00e4ltige Flora und Fauna machen es zu einem einzigartigen Ort um ihren Hobbies nachzugehen. F\u00fcr Fotografen bieten wir spezielle Workshop- und Campswochen an in denen wir unser Wissen weitergeben und gemeinsam mit Gleichgesinnten eine tolle Zeit verbringen.<\/p>\t\t\t\t\t\t\t\t<\/div>\n\t\t\t\t<\/div>\n\t\t\t\t\t<\/div>\n\t\t<\/div>\n\t\t\t\t\t<\/div>\n\t\t<\/section>\n\t\t\t\t<section class=\"elementor-section elementor-top-section elementor-element elementor-element-7909235 elementor-section-boxed elementor-section-height-default elementor-section-height-default\" data-id=\"7909235\" data-element_type=\"section\">\n\t\t\t\t\t\t<div class=\"elementor-container elementor-column-gap-default\">\n\t\t\t\t\t<div class=\"elementor-column elementor-col-50 elementor-top-column elementor-element elementor-element-4623d60\" data-id=\"4623d60\" data-element_type=\"column\">\n\t\t\t<div class=\"elementor-widget-wrap elementor-element-populated\">\n\t\t\t\t\t\t<div class=\"elementor-element elementor-element-8913aee elementor-widget elementor-widget-text-editor\" data-id=\"8913aee\" data-element_type=\"widget\" data-widget_type=\"text-editor.default\">\n\t\t\t\t<div class=\"elementor-widget-container\">\n\t\t\t\t\t\t\t\t\t<p><strong>2023 &#8211; Astrophotography workshops:<\/strong><\/p><p><span style=\"font-style: inherit; color: var(--ast-global-color-3); background-color: var(--ast-global-color-4);\">September 2023 - 9. - 16.:\u00a0<\/span><span style=\"font-size: 1rem; font-style: inherit; color: var(--ast-global-color-3); text-align: center; background-color: var(--ast-global-color-4);\">Milchstra\u00dfe und deep sky mit Schwerpunkt Cepheus &amp; Schwan<\/span><\/p><p><span style=\"text-align: center; color: var(--ast-global-color-3); font-size: 1rem; background-color: var(--ast-global-color-4);\">November 2023 11. - 18.: Milchstra\u00dfe &amp; Deep Sky - Schwerpunktregion Fuhrmann bis Cassiopeia<\/span><\/p><p><strong>2024 &#8211; Astrophotography workshops:<\/strong><span style=\"text-align: center; color: var(--ast-global-color-3); font-size: 1rem; background-color: var(--ast-global-color-4);\"><br \/><\/span><\/p><p>Januar 11. - 18.: Milchstra\u00dfe und deep sky mit Schwerpunkt Orion<\/p><p>Januar 11. - 18.: Milchstra\u00dfe und deep sky mit Schwerpunkt Orion<\/p>\t\t\t\t\t\t\t\t<\/div>\n\t\t\t\t<\/div>\n\t\t\t\t\t<\/div>\n\t\t<\/div>\n\t\t\t\t<div class=\"elementor-column elementor-col-50 elementor-top-column elementor-element elementor-element-721ade7\" data-id=\"721ade7\" data-element_type=\"column\">\n\t\t\t<div class=\"elementor-widget-wrap elementor-element-populated\">\n\t\t\t\t\t\t<div class=\"elementor-element elementor-element-993a99e elementor-widget elementor-widget-text-editor\" data-id=\"993a99e\" data-element_type=\"widget\" data-widget_type=\"text-editor.default\">\n\t\t\t\t<div class=\"elementor-widget-container\">\n\t\t\t\t\t\t\t\t\t<p><strong>2023 Bird photography camps<\/strong><br \/>April 23. - 29. Voglezug \/ Berg- und Flussgebiete<\/p><p>September 2. - 9.: Vogelzug \/ Berg und Stadtgebiete<\/p>\t\t\t\t\t\t\t\t<\/div>\n\t\t\t\t<\/div>\n\t\t\t\t\t<\/div>\n\t\t<\/div>\n\t\t\t\t\t<\/div>\n\t\t<\/section>\n\t\t\t\t<section class=\"elementor-section elementor-top-section elementor-element elementor-element-2deffd8 elementor-section-boxed elementor-section-height-default elementor-section-height-default\" data-id=\"2deffd8\" data-element_type=\"section\">\n\t\t\t\t\t\t<div class=\"elementor-container elementor-column-gap-default\">\n\t\t\t\t\t<div class=\"elementor-column elementor-col-50 elementor-top-column elementor-element elementor-element-973f43f\" data-id=\"973f43f\" data-element_type=\"column\">\n\t\t\t<div class=\"elementor-widget-wrap elementor-element-populated\">\n\t\t\t\t\t\t<div class=\"elementor-element elementor-element-beb093d elementor-widget elementor-widget-image\" data-id=\"beb093d\" data-element_type=\"widget\" data-widget_type=\"image.default\">\n\t\t\t\t<div class=\"elementor-widget-container\">\n\t\t\t\t\t\t\t\t\t\t\t\t\t\t\t<img fetchpriority=\"high\" decoding=\"async\" width=\"1673\" height=\"2000\" src=\"https:\/\/finca-olivar-gaucin.com\/wp-content\/uploads\/2022\/08\/Astro-9.jpg\" class=\"attachment-full size-full wp-image-1241\" alt=\"\" srcset=\"https:\/\/finca-olivar-gaucin.com\/wp-content\/uploads\/2022\/08\/Astro-9.jpg 1673w, https:\/\/finca-olivar-gaucin.com\/wp-content\/uploads\/2022\/08\/Astro-9-251x300.jpg 251w, https:\/\/finca-olivar-gaucin.com\/wp-content\/uploads\/2022\/08\/Astro-9-857x1024.jpg 857w, https:\/\/finca-olivar-gaucin.com\/wp-content\/uploads\/2022\/08\/Astro-9-768x918.jpg 768w, https:\/\/finca-olivar-gaucin.com\/wp-content\/uploads\/2022\/08\/Astro-9-1285x1536.jpg 1285w\" sizes=\"(max-width: 1673px) 100vw, 1673px\" \/>\t\t\t\t\t\t\t\t\t\t\t\t\t\t\t<\/div>\n\t\t\t\t<\/div>\n\t\t\t\t<div class=\"elementor-element elementor-element-d693f5e elementor-widget elementor-widget-text-editor\" data-id=\"d693f5e\" data-element_type=\"widget\" data-widget_type=\"text-editor.default\">\n\t\t\t\t<div class=\"elementor-widget-container\">\n\t\t\t\t\t\t\t\t\t<h3 style=\"font-style: normal; margin-bottom: 10px;\" data-elementor-setting-key=\"title_text\" data-elementor-inline-editing-toolbar=\"none\" data-pen-placeholder=\"Type Here...\">Astrophotography &#8211; workshop<\/h3><p><span style=\"white-space: pre-wrap;\">About 270 nights with clear skies and an SQM of 21 (peak of 21.4) make our finca the ideal place for astrophotography. About 30km from the coast and at an altitude of 500m above sea level, it offers good seeing most nights. The castle ruins and the picturesque village nearby as well as the finca itself with its olive trees offer some nice locations for milky way compositions.<\/span><\/p>\t\t\t\t\t\t\t\t<\/div>\n\t\t\t\t<\/div>\n\t\t\t\t<div class=\"elementor-element elementor-element-cec5360 elementor-widget elementor-widget-button\" data-id=\"cec5360\" data-element_type=\"widget\" data-widget_type=\"button.default\">\n\t\t\t\t<div class=\"elementor-widget-container\">\n\t\t\t\t\t\t\t\t\t<div class=\"elementor-button-wrapper\">\n\t\t\t\t\t<a class=\"elementor-button elementor-button-link elementor-size-sm\" href=\"https:\/\/finca-olivar-gaucin.com\/de\/Astrophotography\/\">\n\t\t\t\t\t\t<span class=\"elementor-button-content-wrapper\">\n\t\t\t\t\t\t\t\t\t<span class=\"elementor-button-text\">mehr Details<\/span>\n\t\t\t\t\t<\/span>\n\t\t\t\t\t<\/a>\n\t\t\t\t<\/div>\n\t\t\t\t\t\t\t\t<\/div>\n\t\t\t\t<\/div>\n\t\t\t\t\t<\/div>\n\t\t<\/div>\n\t\t\t\t<div class=\"elementor-column elementor-col-50 elementor-top-column elementor-element elementor-element-b83cf8f\" data-id=\"b83cf8f\" data-element_type=\"column\">\n\t\t\t<div class=\"elementor-widget-wrap elementor-element-populated\">\n\t\t\t\t\t\t<div class=\"elementor-element elementor-element-423a246 elementor-widget elementor-widget-image\" data-id=\"423a246\" data-element_type=\"widget\" data-widget_type=\"image.default\">\n\t\t\t\t<div class=\"elementor-widget-container\">\n\t\t\t\t\t\t\t\t\t\t\t\t\t\t\t<img decoding=\"async\" width=\"2000\" height=\"1331\" src=\"https:\/\/finca-olivar-gaucin.com\/wp-content\/uploads\/2022\/10\/Vogel-5717.jpg\" class=\"attachment-full size-full wp-image-2440\" alt=\"\" srcset=\"https:\/\/finca-olivar-gaucin.com\/wp-content\/uploads\/2022\/10\/Vogel-5717.jpg 2000w, https:\/\/finca-olivar-gaucin.com\/wp-content\/uploads\/2022\/10\/Vogel-5717-300x200.jpg 300w, https:\/\/finca-olivar-gaucin.com\/wp-content\/uploads\/2022\/10\/Vogel-5717-1024x681.jpg 1024w, https:\/\/finca-olivar-gaucin.com\/wp-content\/uploads\/2022\/10\/Vogel-5717-768x511.jpg 768w, https:\/\/finca-olivar-gaucin.com\/wp-content\/uploads\/2022\/10\/Vogel-5717-1536x1022.jpg 1536w\" sizes=\"(max-width: 2000px) 100vw, 2000px\" \/>\t\t\t\t\t\t\t\t\t\t\t\t\t\t\t<\/div>\n\t\t\t\t<\/div>\n\t\t\t\t<div class=\"elementor-element elementor-element-fce70c2 elementor-widget elementor-widget-text-editor\" data-id=\"fce70c2\" data-element_type=\"widget\" data-widget_type=\"text-editor.default\">\n\t\t\t\t<div class=\"elementor-widget-container\">\n\t\t\t\t\t\t\t\t\t<h3 class=\"elementor-image-box-title elementor-inline-editing pen\" style=\"font-style: normal; margin-bottom: 10px;\" data-elementor-setting-key=\"title_text\" data-elementor-inline-editing-toolbar=\"none\" data-pen-placeholder=\"Type Here...\">Bird migration and large birds in flight &#8211; camp<\/h3><p><span style=\"white-space: pre-wrap;\">Im Fr\u00fchjahr und Herbst findet in den umliegenden Bergen, Fl\u00fcssen und an der K\u00fcste ein wahres Naturschauspiel statt: Jedes Jahr versammeln sich Ende August\/Anfang September 30-40 Millionen Zugv\u00f6gel aus ganz Europa, um auf g\u00fcnstige Flugbedingungen zu warten und die Stra\u00dfe von Gibraltar zu \u00fcberqueren. Im Fr\u00fchjahr machen sie sich auf den R\u00fcckweg zu ihren Brutpl\u00e4tzen in ganz Europa. Wei\u00dfst\u00f6rche, Schwarzmilane, Wespenbussarde, Adler und viele andere Arten k\u00f6nnen beobachtet werden. Neben der K\u00fcstenlinie bieten auch die Berge rund um die Finca Olivar gute M\u00f6glichkeiten, gro\u00dfe Mengen an Raubv\u00f6geln zu beobachten, die in geringer H\u00f6he vorbeiziehen. Das macht dieses Gebiet zu einem der eindrucksvollsten f\u00fcr den Vogelzug weltweit.<\/span><br style=\"white-space: pre-wrap;\" \/><span style=\"white-space: pre-wrap;\">The south of Andalusia and the area around Finca Olivar in specific has a lot of exceptional places for bird photographers. During breeding season there are large colonies of griffon vultures and white storks in the immediate vicinity of our finca. Eagles live at the castle in Gaucin, bee-eaters visit the property, as do a number of different owls. Ronda has a lot of species to offer as well as the unique background of this awesome city.<\/span><\/p><p>\u00a0<\/p>\t\t\t\t\t\t\t\t<\/div>\n\t\t\t\t<\/div>\n\t\t\t\t<div class=\"elementor-element elementor-element-fef1035 elementor-widget elementor-widget-button\" data-id=\"fef1035\" data-element_type=\"widget\" data-widget_type=\"button.default\">\n\t\t\t\t<div class=\"elementor-widget-container\">\n\t\t\t\t\t\t\t\t\t<div class=\"elementor-button-wrapper\">\n\t\t\t\t\t<a class=\"elementor-button elementor-button-link elementor-size-sm\" href=\"https:\/\/finca-olivar-gaucin.com\/de\/bird-photography\/\" target=\"_blank\">\n\t\t\t\t\t\t<span class=\"elementor-button-content-wrapper\">\n\t\t\t\t\t\t\t\t\t<span class=\"elementor-button-text\">Mehr Details<\/span>\n\t\t\t\t\t<\/span>\n\t\t\t\t\t<\/a>\n\t\t\t\t<\/div>\n\t\t\t\t\t\t\t\t<\/div>\n\t\t\t\t<\/div>\n\t\t\t\t\t<\/div>\n\t\t<\/div>\n\t\t\t\t\t<\/div>\n\t\t<\/section>\n\t\t\t\t<section class=\"elementor-section elementor-top-section elementor-element elementor-element-b79550d elementor-section-boxed elementor-section-height-default elementor-section-height-default\" data-id=\"b79550d\" data-element_type=\"section\" data-settings=\"{&quot;background_background&quot;:&quot;classic&quot;}\">\n\t\t\t\t\t\t\t<div class=\"elementor-background-overlay\"><\/div>\n\t\t\t\t\t\t\t<div class=\"elementor-container elementor-column-gap-no\">\n\t\t\t\t\t<div class=\"elementor-column elementor-col-100 elementor-top-column elementor-element elementor-element-46610bb\" data-id=\"46610bb\" data-element_type=\"column\">\n\t\t\t<div class=\"elementor-widget-wrap elementor-element-populated\">\n\t\t\t\t\t\t<div class=\"elementor-element elementor-element-e4cbc42 elementor-widget elementor-widget-heading\" data-id=\"e4cbc42\" data-element_type=\"widget\" data-widget_type=\"heading.default\">\n\t\t\t\t<div class=\"elementor-widget-container\">\n\t\t\t\t\t<h2 class=\"elementor-heading-title elementor-size-default\">Plane deinen Workshop noch heute!\n<\/h2>\t\t\t\t<\/div>\n\t\t\t\t<\/div>\n\t\t\t\t<div class=\"elementor-element elementor-element-56876de elementor-widget elementor-widget-text-editor\" data-id=\"56876de\" data-element_type=\"widget\" data-widget_type=\"text-editor.default\">\n\t\t\t\t<div class=\"elementor-widget-container\">\n\t\t\t\t\t\t\t\t\t<p>Wir helfen gerne bei ihren Sonderw\u00fcnschen. Wir freuen uns darauf Sie kennen zu lernen.<\/p>\t\t\t\t\t\t\t\t<\/div>\n\t\t\t\t<\/div>\n\t\t\t\t<div class=\"elementor-element elementor-element-702ff58 elementor-widget elementor-widget-heading\" data-id=\"702ff58\" data-element_type=\"widget\" data-widget_type=\"heading.default\">\n\t\t\t\t<div class=\"elementor-widget-container\">\n\t\t\t\t\t<p class=\"elementor-heading-title elementor-size-default\">Genie\u00dfe eine wundervolle Zeit<\/p>\t\t\t\t<\/div>\n\t\t\t\t<\/div>\n\t\t\t\t<div class=\"elementor-element elementor-element-84c6637 elementor-align-center elementor-widget elementor-widget-button\" data-id=\"84c6637\" data-element_type=\"widget\" data-widget_type=\"button.default\">\n\t\t\t\t<div class=\"elementor-widget-container\">\n\t\t\t\t\t\t\t\t\t<div class=\"elementor-button-wrapper\">\n\t\t\t\t\t<a class=\"elementor-button elementor-button-link elementor-size-sm\" href=\"https:\/\/finca-olivar-gaucin.com\/de\/contact\/\">\n\t\t\t\t\t\t<span class=\"elementor-button-content-wrapper\">\n\t\t\t\t\t\t\t\t\t<span class=\"elementor-button-text\">kontaktieren sie uns jetzt<\/span>\n\t\t\t\t\t<\/span>\n\t\t\t\t\t<\/a>\n\t\t\t\t<\/div>\n\t\t\t\t\t\t\t\t<\/div>\n\t\t\t\t<\/div>\n\t\t\t\t\t<\/div>\n\t\t<\/div>\n\t\t\t\t\t<\/div>\n\t\t<\/section>\n\t\t\t\t<\/div>","protected":false},"excerpt":{"rendered":"<p>Workshops In addition to our finca rentals, we offer special workshops on astrophotography, bird photography and yoga at selected times. Immerse yourself in the unique environment with our workshops and [&hellip;]<\/p>","protected":false},"author":1,"featured_media":0,"parent":0,"menu_order":0,"comment_status":"closed","ping_status":"closed","template":"","meta":{"site-sidebar-layout":"no-sidebar","site-content-layout":"page-builder","ast-site-content-layout":"","site-content-style":"default","site-sidebar-style":"default","ast-global-header-display":"","ast-banner-title-visibility":"","ast-main-header-display":"","ast-hfb-above-header-display":"","ast-hfb-below-header-display":"","ast-hfb-mobile-header-display":"","site-post-title":"disabled","ast-breadcrumbs-content":"","ast-featured-img":"disabled","footer-sml-layout":"","theme-transparent-header-meta":"enabled","adv-header-id-meta":"","stick-header-meta":"","header-above-stick-meta":"","header-main-stick-meta":"","header-below-stick-meta":"","astra-migrate-meta-layouts":"default","ast-page-background-enabled":"default","ast-page-background-meta":{"desktop":{"background-color":"","background-image":"","background-repeat":"repeat","background-position":"center center","background-size":"auto","background-attachment":"scroll","background-type":"","background-media":"","overlay-type":"","overlay-color":"","overlay-opacity":"","overlay-gradient":""},"tablet":{"background-color":"","background-image":"","background-repeat":"repeat","background-position":"center center","background-size":"auto","background-attachment":"scroll","background-type":"","background-media":"","overlay-type":"","overlay-color":"","overlay-opacity":"","overlay-gradient":""},"mobile":{"background-color":"","background-image":"","background-repeat":"repeat","background-position":"center center","background-size":"auto","background-attachment":"scroll","background-type":"","background-media":"","overlay-type":"","overlay-color":"","overlay-opacity":"","overlay-gradient":""}},"ast-content-background-meta":{"desktop":{"background-color":"var(--ast-global-color-5)","background-image":"","background-repeat":"repeat","background-position":"center center","background-size":"auto","background-attachment":"scroll","background-type":"","background-media":"","overlay-type":"","overlay-color":"","overlay-opacity":"","overlay-gradient":""},"tablet":{"background-color":"var(--ast-global-color-5)","background-image":"","background-repeat":"repeat","background-position":"center center","background-size":"auto","background-attachment":"scroll","background-type":"","background-media":"","overlay-type":"","overlay-color":"","overlay-opacity":"","overlay-gradient":""},"mobile":{"background-color":"var(--ast-global-color-5)","background-image":"","background-repeat":"repeat","background-position":"center center","background-size":"auto","background-attachment":"scroll","background-type":"","background-media":"","overlay-type":"","overlay-color":"","overlay-opacity":"","overlay-gradient":""}},"_EventAllDay":false,"_EventTimezone":"","_EventStartDate":"","_EventEndDate":"","_EventStartDateUTC":"","_EventEndDateUTC":"","_EventShowMap":false,"_EventShowMapLink":false,"_EventURL":"","_EventCost":"","_EventCostDescription":"","_EventCurrencySymbol":"","_EventCurrencyCode":"","_EventCurrencyPosition":"","_EventDateTimeSeparator":"","_EventTimeRangeSeparator":"","_EventOrganizerID":[],"_EventVenueID":[],"_OrganizerEmail":"","_OrganizerPhone":"","_OrganizerWebsite":"","_VenueAddress":"","_VenueCity":"","_VenueCountry":"","_VenueProvince":"","_VenueState":"","_VenueZip":"","_VenuePhone":"","_VenueURL":"","_VenueStateProvince":"","_VenueLat":"","_VenueLng":"","_VenueShowMap":false,"_VenueShowMapLink":false,"footnotes":""},"class_list":["post-1420","page","type-page","status-publish","hentry"],"_links":{"self":[{"href":"https:\/\/finca-olivar-gaucin.com\/de\/wp-json\/wp\/v2\/pages\/1420","targetHints":{"allow":["GET"]}}],"collection":[{"href":"https:\/\/finca-olivar-gaucin.com\/de\/wp-json\/wp\/v2\/pages"}],"about":[{"href":"https:\/\/finca-olivar-gaucin.com\/de\/wp-json\/wp\/v2\/types\/page"}],"author":[{"embeddable":true,"href":"https:\/\/finca-olivar-gaucin.com\/de\/wp-json\/wp\/v2\/users\/1"}],"replies":[{"embeddable":true,"href":"https:\/\/finca-olivar-gaucin.com\/de\/wp-json\/wp\/v2\/comments?post=1420"}],"version-history":[{"count":134,"href":"https:\/\/finca-olivar-gaucin.com\/de\/wp-json\/wp\/v2\/pages\/1420\/revisions"}],"predecessor-version":[{"id":3013,"href":"https:\/\/finca-olivar-gaucin.com\/de\/wp-json\/wp\/v2\/pages\/1420\/revisions\/3013"}],"wp:attachment":[{"href":"https:\/\/finca-olivar-gaucin.com\/de\/wp-json\/wp\/v2\/media?parent=1420"}],"curies":[{"name":"wp","href":"https:\/\/api.w.org\/{rel}","templated":true}]}}